{"id":558,"date":"2016-01-13T17:48:37","date_gmt":"2016-01-13T17:48:37","guid":{"rendered":"http:\/\/consulting.loc\/?page_id=558"},"modified":"2023-12-20T19:46:19","modified_gmt":"2023-12-20T16:46:19","slug":"services-grid","status":"publish","type":"page","link":"https:\/\/nexakalitekontrol.com\/index.php\/services-grid\/","title":{"rendered":"Hizmetler"},"content":{"rendered":"\t\t<div data-elementor-type=\"wp-page\" data-elementor-id=\"558\" class=\"elementor elementor-558\">\n\t\t\t\t\t\t\t\t\t<section class=\"elementor-section elementor-top-section elementor-element elementor-element-a226f0c elementor-section-boxed elementor-section-height-default elementor-section-height-default\" data-id=\"a226f0c\" data-element_type=\"section\" data-settings=\"{&quot;background_background&quot;:&quot;classic&quot;}\">\n\t\t\t\t\t\t<div class=\"elementor-container elementor-column-gap-default\">\n\t\t\t\t\t<div class=\"elementor-column elementor-col-100 elementor-top-column elementor-element elementor-element-a2273f3\" data-id=\"a2273f3\" data-element_type=\"column\">\n\t\t\t<div class=\"elementor-widget-wrap elementor-element-populated\">\n\t\t\t\t\t\t\t\t<div class=\"elementor-element elementor-element-a2277ca elementor-widget elementor-widget-stm_services\" data-id=\"a2277ca\" data-element_type=\"widget\" data-widget_type=\"stm_services.default\">\n\t\t\t\t<div class=\"elementor-widget-container\">\n\t\t\t\n\n    <div class=\"stm_services consulting_elementor_services style_1 cols_3\">\n                    <div class=\"item\">\n                <div class=\"item_wr\">\n                                            \n                        <div class=\"item_thumbnail\">\n                            <a href=\"https:\/\/nexakalitekontrol.com\/index.php\/service\/financial-services\/\">\n                                <img src='https:\/\/nexakalitekontrol.com\/wp-content\/uploads\/2016\/01\/tecnico-reparando-dentro-do-disco-rigido-com-ferro-de-solda_39768-2111-255x182.jpg' alt='' \/>                            <\/a>\n                                                    <\/div>\n                                                            <div class=\"content\" >\n                                                    <h5><a href=\"https:\/\/nexakalitekontrol.com\/index.php\/service\/financial-services\/\"  >Tahribats\u0131z Muayene Hizmetleri<\/a><\/h5>\n                                                                                                    <p>nexa, end\u00fcstriyel tahribats\u0131z muayene hizmetleriyle malzeme ve bile\u015fenlerin incelenmesinde uzmanla\u015fm\u0131\u015ft\u0131r. Ultrasonik testler, manyetik par\u00e7ac\u0131k testleri, penetrant testleri gibi y\u00f6ntemlerle, bile\u015fenlerdeki kusurlar\u0131, \u00e7atlaklar\u0131 veya yap\u0131s\u0131ndaki de\u011fi\u015fiklikleri tespit ederiz. <\/p>\n                                                                            <a class=\"read_more\"\n                               href=\"https:\/\/nexakalitekontrol.com\/index.php\/service\/financial-services\/\" >\n                                <span>daha fazla oku<\/span>\n                                <i class=\"fa fa-chevron-right\"><\/i>\n                            <\/a>\n                                            <\/div>\n                <\/div>\n            <\/div>\n            <\/div>\n\t\t<\/div>\n\t\t\t\t<\/div>\n\t\t\t\t\t<\/div>\n\t\t<\/div>\n\t\t\t\t<div class=\"elementor-column elementor-col-25 elementor-top-column elementor-element elementor-element-a22787b elementor-hidden-tablet elementor-hidden-phone\" data-id=\"a22787b\" data-element_type=\"column\">\n\t\t\t<div class=\"elementor-widget-wrap\">\n\t\t\t\t\t\t\t\t\t<\/div>\n\t\t<\/div>\n\t\t\t\t\t\t\t<\/div>\n\t\t<\/section>\n\t\t\t\t<section class=\"elementor-section elementor-top-section elementor-element elementor-element-f6f3de0 third_bg_color elementor-section-boxed elementor-section-height-default elementor-section-height-default\" data-id=\"f6f3de0\" data-element_type=\"section\" data-settings=\"{&quot;background_background&quot;:&quot;classic&quot;}\">\n\t\t\t\t\t\t<div class=\"elementor-container elementor-column-gap-default\">\n\t\t\t\t\t<div class=\"elementor-column elementor-col-100 elementor-top-column elementor-element elementor-element-2fa3af8\" data-id=\"2fa3af8\" data-element_type=\"column\">\n\t\t\t<div class=\"elementor-widget-wrap elementor-element-populated\">\n\t\t\t\t\t\t\t\t<div class=\"elementor-element elementor-element-c3b2de3 elementor-widget elementor-widget-vc_cta\" data-id=\"c3b2de3\" data-element_type=\"widget\" data-widget_type=\"vc_cta.default\">\n\t\t\t\t<div class=\"elementor-widget-container\">\n\t\t\t\n<div class=\"ce_cta ce_cta_c705ec65e392326d17f84ad64cc1de46 ce_text_left third_bg_color add_button_right btn_align_right btn_button_block_ btn_has_icon btn_has_icon_on_the_right\" id=\"\">\n\t<div class=\"ce_cta__content\">\n\t\t<div class=\"ce_cta__content__header\">\n\t\t\t<h2  class='ce_cta__content__title '>Sormak \u0130stedi\u011finiz Bir Konu Varsa Bize \u0130leti\u015fim Sayfam\u0131zdan Ula\u015fabilirsiniz....<\/h2>\t\t<\/div>\n\t\t\t<\/div>\n\n\t\t<div class=\"ce_cta__action\">\n\t\t<a\n\t\t\thref=\"https:\/\/nexakalitekontrol.com\/index.php\/iletisim\/\"\n\t\t\t\t\t\ttarget=\"_self\"\n\t\t\tclass=\"button\n\t\t\t\t\t\">\n\t\t\t<span>\u0130leti\u015fime Ge\u00e7<\/span>\n\t\t\t\t\t\t<i class=\"fa fa-chevron-right\"><\/i>\n\t\t\t\t\t<\/a>\n\t<\/div>\n\t<\/div>\n\t\t<\/div>\n\t\t\t\t<\/div>\n\t\t\t\t\t<\/div>\n\t\t<\/div>\n\t\t\t\t\t\t\t<\/div>\n\t\t<\/section>\n\t\t\t\t\t\t\t<\/div>\n\t\t","protected":false},"excerpt":{"rendered":"<p>Financial Services Companies dislike the term \u2018turnaround consulting\u2019 because it represents failure. The truth is that turnaround consulting represents success. daha fazla oku Strategic planning Bonds and commodities are much more stable than stocks and trades. We allow our clients to invest in the right bonds &amp; commodities. daha fazla oku Audit &#038; Assurance Audit<\/p>\n","protected":false},"author":1,"featured_media":0,"parent":0,"menu_order":0,"comment_status":"closed","ping_status":"closed","template":"","meta":{"footnotes":""},"_links":{"self":[{"href":"https:\/\/nexakalitekontrol.com\/index.php\/wp-json\/wp\/v2\/pages\/558"}],"collection":[{"href":"https:\/\/nexakalitekontrol.com\/index.php\/wp-json\/wp\/v2\/pages"}],"about":[{"href":"https:\/\/nexakalitekontrol.com\/index.php\/wp-json\/wp\/v2\/types\/page"}],"author":[{"embeddable":true,"href":"https:\/\/nexakalitekontrol.com\/index.php\/wp-json\/wp\/v2\/users\/1"}],"replies":[{"embeddable":true,"href":"https:\/\/nexakalitekontrol.com\/index.php\/wp-json\/wp\/v2\/comments?post=558"}],"version-history":[{"count":8,"href":"https:\/\/nexakalitekontrol.com\/index.php\/wp-json\/wp\/v2\/pages\/558\/revisions"}],"predecessor-version":[{"id":7409,"href":"https:\/\/nexakalitekontrol.com\/index.php\/wp-json\/wp\/v2\/pages\/558\/revisions\/7409"}],"wp:attachment":[{"href":"https:\/\/nexakalitekontrol.com\/index.php\/wp-json\/wp\/v2\/media?parent=558"}],"curies":[{"name":"wp","href":"https:\/\/api.w.org\/{rel}","templated":true}]}}